{"id":5075,"date":"2025-10-18T06:55:01","date_gmt":"2025-10-18T06:55:01","guid":{"rendered":"https:\/\/deradiobeurs.kawsar.pro\/?post_type=product&#038;p=5075"},"modified":"2025-10-26T03:31:41","modified_gmt":"2025-10-26T03:31:41","slug":"loewe-klang-mr1-basalt-grey","status":"publish","type":"product","link":"https:\/\/deradiobeurs.adsplode.nl\/en\/product\/loewe-klang-mr1-basalt-grey\/","title":{"rendered":"Loewe Klang MR1 basalt grey"},"content":{"rendered":"<p>Met trots presenteren wij onze gloednieuwe Multiroom-familie: de Loewe klang mr1, Loewe klang mr3 en Loewe klang mr5.Dankzij onze samenwerking met DTS Play-Fi kunnen we een langdurig ervaren, stabiel en toekomstbestendig platform bieden, dat een buitengewone hoeveelheid functionaliteit en streamingdiensten mogelijk maakt. Daarnaast zijn ook technologie\u00ebn zoals Apple AirPlay 2 en Chromecast ge\u00efntegreerd, zodat de Loewe klang mr-luidspreker naadloos kan worden ge\u00efntegreerd in de bestaande Multiroom-omgeving van uw klanten. Verder zijn alle leden van de Loewe klang mr-familie uitgerust met WDAL 2.0. Daarom is het mogelijk om als draadloze satellietluidspreker met lage latentie te werken met de Loewe klang bar5 mr.<\/p>\n<p>Het multiroom platform van de klang mr Series is gebaseerd op DTS Play-Fi en ondersteunt ook Apple- en Google Home. Sluit eenvoudig uw audioproducten aan en ervaar uw favoriete streamingcontent in uitstekende audiokwaliteit.<\/p>\n<p>De opstelling van de luidsprekers in combinatie met\u00a0\u00a0passieve radiatoren genereren een perfect\u00a0gebalanceerde geluidservaring van\u00a030 \/ 150 \/ 180 watt &#8211; met sterke bas\u00a0en kristalheldere hoge tonen.<\/p>\n<p>Het glazen aanraakpaneel aan de bovenzijde is eenvoudig tebedienen en biedt ruimte voor maximaal vijf favorieten diekan worden gemengd uit elke bron.<\/p>\n<p>Platform voor Multiroom is DTS Play-FiDe voordelen zijn een open systeem en langdurige ondersteuningvoor Apple Home en Google HomeU kunt tot 32 luidsprekers in het netwerk aansluiten\u00a0en tot 16 luidsprekers in \u00e9\u00e9n zone.Bouw tot 4 zones op.<\/p>\n<p>Hoogwaardige, zorgvuldig geselecteerde materialen ondersteunen de elegante uitstraling en het bekroonde design van de Loewe mr-serie.<\/p>\n<p>Apple Airplay 2, Google Chromecast en DTS Play-Fibieden een verscheidenheid aan diensten zoals Spotify, AmazonMuziek, Tidal, Deezer en internetradio.<\/p>\n<p>klang mr is uitgerust met WDAL 2.0 om samen te werken als een draadloze satellietluidspreker met lage latentie om het geluidsbeeld te vergroten.<\/p>\n<p>Het ontwerp is stijlvol en gezellig. Het glazen bovenpaneelmet ge\u00efntegreerde touch-functionaliteit en verlichtstatus-LED is een hommage aan het Loewe-oog. De lichaam is bedekt met onze premium akoestische stofen past perfect in uw leefomgeving.<\/p>\n<p>Verbind je mobiele telefoon met de speaker viaBluetooth en speel je afspeellijst af.<\/p>","protected":false},"excerpt":{"rendered":"<p>Met trots presenteren wij onze gloednieuwe Multiroom-familie: de Loewe klang mr1, Loewe klang mr3 en Loewe klang mr5.Dankzij onze samenwerking met DTS Play-Fi kunnen we een langdurig ervaren, stabiel en toekomstbestendig platform bieden, dat een buitengewone hoeveelheid functionaliteit en streamingdiensten mogelijk maakt. Daarnaast zijn ook technologie\u00ebn zoals Apple AirPlay 2 en Chromecast ge\u00efntegreerd, zodat de&#8230;<\/p>","protected":false},"featured_media":5076,"comment_status":"open","ping_status":"closed","template":"","meta":{"_acf_changed":false,"_kad_blocks_custom_css":"","_kad_blocks_head_custom_js":"","_kad_blocks_body_custom_js":"","_kad_blocks_footer_custom_js":"","_kad_post_transparent":"default","_kad_post_title":"","_kad_post_layout":"default","_kad_post_sidebar_id":"","_kad_post_content_style":"default","_kad_post_vertical_padding":"default","_kad_post_feature":"","_kad_post_feature_position":"","_kad_post_header":false,"_kad_post_footer":false,"_kad_post_classname":""},"product_brand":[119],"product_cat":[43,53,20],"product_tag":[],"class_list":{"0":"post-5075","1":"product","2":"type-product","3":"status-publish","4":"has-post-thumbnail","6":"product_brand-loewe","7":"product_cat-actieve-luidsprekers","8":"product_cat-draadloze-speakers","9":"product_cat-luidsprekers","11":"first","12":"instock","13":"taxable","14":"shipping-taxable","15":"purchasable","16":"product-type-simple","17":"entry","18":"content-bg","19":"loop-entry"},"acf":[],"taxonomy_info":{"product_brand":[{"value":119,"label":"Loewe"}],"product_cat":[{"value":43,"label":"Actieve luidsprekers"},{"value":53,"label":"Draadloze speakers"},{"value":20,"label":"Luidsprekers"}]},"featured_image_src_large":["https:\/\/deradiobeurs.adsplode.nl\/wp-content\/uploads\/2025\/10\/loewe_klang_mr1_side-1024x724.jpg",1024,724,true],"author_info":[],"comment_info":0,"_links":{"self":[{"href":"https:\/\/deradiobeurs.adsplode.nl\/en\/wp-json\/wp\/v2\/product\/5075","targetHints":{"allow":["GET"]}}],"collection":[{"href":"https:\/\/deradiobeurs.adsplode.nl\/en\/wp-json\/wp\/v2\/product"}],"about":[{"href":"https:\/\/deradiobeurs.adsplode.nl\/en\/wp-json\/wp\/v2\/types\/product"}],"replies":[{"embeddable":true,"href":"https:\/\/deradiobeurs.adsplode.nl\/en\/wp-json\/wp\/v2\/comments?post=5075"}],"wp:featuredmedia":[{"embeddable":true,"href":"https:\/\/deradiobeurs.adsplode.nl\/en\/wp-json\/wp\/v2\/media\/5076"}],"wp:attachment":[{"href":"https:\/\/deradiobeurs.adsplode.nl\/en\/wp-json\/wp\/v2\/media?parent=5075"}],"wp:term":[{"taxonomy":"product_brand","embeddable":true,"href":"https:\/\/deradiobeurs.adsplode.nl\/en\/wp-json\/wp\/v2\/product_brand?post=5075"},{"taxonomy":"product_cat","embeddable":true,"href":"https:\/\/deradiobeurs.adsplode.nl\/en\/wp-json\/wp\/v2\/product_cat?post=5075"},{"taxonomy":"product_tag","embeddable":true,"href":"https:\/\/deradiobeurs.adsplode.nl\/en\/wp-json\/wp\/v2\/product_tag?post=5075"}],"curies":[{"name":"wp","href":"https:\/\/api.w.org\/{rel}","templated":true}]}}