{"id":4297,"date":"2025-10-16T05:13:30","date_gmt":"2025-10-16T05:13:30","guid":{"rendered":"https:\/\/deradiobeurs.kawsar.pro\/?post_type=product&#038;p=4297"},"modified":"2025-10-25T15:30:33","modified_gmt":"2025-10-25T15:30:33","slug":"cabasse-rialto-zwart","status":"publish","type":"product","link":"https:\/\/deradiobeurs.adsplode.nl\/en\/product\/cabasse-rialto-zwart\/","title":{"rendered":"Cabasse Rialto zwart"},"content":{"rendered":"<p>Cabasse Rialto is het eerste draadloze hifi-systeem van het Franse merk in boekenplankformaat. Ge\u00efnspireerd door de beroemdste en oudste brug in Veneti\u00eb, biedt dit actieve streaming Cabasse audiosysteem de beste akoestische en softwaretechnologie\u00ebn die samenkomen in twee &#8216;connected&#8217; actieve luidsprekers in een compact boekenplankformaat.<\/p>\n<h2>Cabasse Rialto: verrassende dynamiek en grote veelzijdigheid<\/h2>\n<p>De Cabasse Rialto biedt de luisteraar de mogelijkheid om naar alle favoriete bronnen en muziekdiensten te luisteren. Ook tv-geluid wordt ondersteund middels de HDMI-aansluiting achterop de hoofspeaker. Hoewel ze erg compact zijn, hebben de Rialto&#8217;s het potentieel om de emotie en impact van live geluid te bieden, met vocalen die opvallen en instrumenten die de ruimte doen verwijnen. Ze leveren de volledige dynamiek en precisie van opnamen met een hoge resolutie. Een technologische prestatie die mogelijk is gemaakt door talrijke Cabasse-innovaties:<\/p>\n<p><strong>Gepatenteerde HELD (High Excursion Low Distortion) woofers<\/strong><\/p>\n<p>In staat om krachtige, diepe, nauwkeurige en vooral vervormingsvrije bassen te leveren. Met een diameter van slechts 17 cm maakt het driverontwerp een zeer hoge uitslag mogelijk zonder dat de magneet uit het veld komt voor maximale impact zonder vervorming.<\/p>\n<p><strong>Synergie tussen de versterking en de luidsprekers<\/strong><\/p>\n<p>Dankzij de gepatenteerde DEAP-technologie (Digital Enhancement of Acoustical Performance), ontwikkeld door de R&amp;D-teams van Cabasse. Deze technologie verbetert de prestaties van de luidsprekers via een dynamische multi-band signaalverwerking met feedbacklussen die het mogelijk maken om al het beschikbare versterkingsvermogen te benutten, voor een vervormingsvrije weergave van de &#8220;pieken&#8221;.<\/p>\n<p><strong>Op dezelfde as geplaatste drivers<\/strong><\/p>\n<p>Deze coaxiale technologie, al in 1952 door Cabasse ontwikkeld en sindsdien voortdurend verbeterd, zorgt ervoor dat alle geluidsgolven zich vanaf \u00e9\u00e9n enkel bronpunt kunnen verspreiden, zodat ze coherent en natuurlijk reizen, zonder interferentie en kunstmatige kleuring van het geluid.<\/p>\n<p>Rialto is een elegant boekenplanksysteem dat in elk interieur past. De 13 cm coaxiale midrange-tweeter van koolstofvezel is omgeven door een frame van geborsteld aluminium. Een chromen voet verhoogt de luidspreker voor een luchtiger ontwerp. Een magnetische metalen grille om de drivers te beschermen wordt meegeleverd.<\/p>\n<h2>Een multifunctioneel audiosysteem ontworpen voor Hi-Fi en geschikt voor TV!<\/h2>\n<p>Hoewel Cabasse Rialto de mogelijkheid biedt om naar alle bronnen en muziekplatforms in stereo en zelfs in hoge resolutie te luisteren, bevat het ook een HDMI tv-aansluiting waarmee u elke film met ongelooflijke dynamiek kunt ervaren. U kunt het volume dan ook regelen met de afstandsbediening van de tv wanneer je speakers hierop zijn aangesloten via de ge\u00efntegreerde e-ARC-technologie. op zijn hoofdluidspreker een touchscreen-bediening, heel handig, of u nu eenvoudig het volume wilt verhogen of verlagen met de draairing, de bronnen wilt wijzigen of uw favoriete radiozenders wilt toevoegen of wijzigen, zonder dat u de applicatie hoeft te doorlopen. Het kleuren LCD-scherm toont ook de hoezen van de albums die worden afgespeeld. Zoals standaard bij Cabasse connected systemen, zullen software-updates ervoor zorgen dat de scherminterface kan evolueren.<\/p>\n<h2>Compatibel en slim gekalibreerd<\/h2>\n<p>Dit systeem is ontworpen en ontwikkeld om een \u200b\u200boptimale luisterkwaliteit te leveren, dankzij Cabasse&#8217;s gepatenteerde automatische kamerkalibratie. Met de Cabasse Stream Control app kunnen gebruikers hun geluid verder personaliseren door middel van innovatieve optimalisatietools die zijn ontwikkeld om aan alle huizen en voorkeuren te voldoen. Om high-end geluid naar elke kamer in huis te brengen, kunnen gebruikers Rialto groeperen met andere Cabasse connected systemen, waaronder de The Pearl-reeks. Het is dus mogelijk om multiroom zones te cre\u00ebren om overal in huis naar verschillende of juist dezelfde bronnen (streaming, tv, platenspeler, enz.) te luisteren.<\/p>","protected":false},"excerpt":{"rendered":"<p>Multifunctioneel Cabasse audiosysteem, voor hifi, streaming audio en geluidsweergave van tv. Smart audio met een krachtige en dynamische weergave, veel vermogen, handige app-bediening en een luxe kleuren touchscreen.<\/p>\n<p><strong>*Voor een demo afspraak of leveringsinformatie neemt u gerust contact met ons op*<\/strong><\/p>","protected":false},"featured_media":4298,"comment_status":"open","ping_status":"closed","template":"","meta":{"_acf_changed":false,"_kad_blocks_custom_css":"","_kad_blocks_head_custom_js":"","_kad_blocks_body_custom_js":"","_kad_blocks_footer_custom_js":"","_kad_post_transparent":"default","_kad_post_title":"","_kad_post_layout":"default","_kad_post_sidebar_id":"","_kad_post_content_style":"default","_kad_post_vertical_padding":"default","_kad_post_feature":"","_kad_post_feature_position":"","_kad_post_header":false,"_kad_post_footer":false,"_kad_post_classname":""},"product_brand":[134],"product_cat":[50,43,20],"product_tag":[],"class_list":{"0":"post-4297","1":"product","2":"type-product","3":"status-publish","4":"has-post-thumbnail","6":"product_brand-cabasse","7":"product_cat-actieve-boekenplank-speakers","8":"product_cat-actieve-luidsprekers","9":"product_cat-luidsprekers","11":"first","12":"instock","13":"taxable","14":"shipping-taxable","15":"purchasable","16":"product-type-simple","17":"entry","18":"content-bg","19":"loop-entry"},"acf":[],"taxonomy_info":{"product_brand":[{"value":134,"label":"Cabasse"}],"product_cat":[{"value":50,"label":"Actieve boekenplank speakers"},{"value":43,"label":"Actieve luidsprekers"},{"value":20,"label":"Luidsprekers"}]},"featured_image_src_large":["https:\/\/deradiobeurs.adsplode.nl\/wp-content\/uploads\/2025\/10\/cabasse-rialto-black-5.jpg",1009,414,false],"author_info":[],"comment_info":0,"_links":{"self":[{"href":"https:\/\/deradiobeurs.adsplode.nl\/en\/wp-json\/wp\/v2\/product\/4297","targetHints":{"allow":["GET"]}}],"collection":[{"href":"https:\/\/deradiobeurs.adsplode.nl\/en\/wp-json\/wp\/v2\/product"}],"about":[{"href":"https:\/\/deradiobeurs.adsplode.nl\/en\/wp-json\/wp\/v2\/types\/product"}],"replies":[{"embeddable":true,"href":"https:\/\/deradiobeurs.adsplode.nl\/en\/wp-json\/wp\/v2\/comments?post=4297"}],"wp:featuredmedia":[{"embeddable":true,"href":"https:\/\/deradiobeurs.adsplode.nl\/en\/wp-json\/wp\/v2\/media\/4298"}],"wp:attachment":[{"href":"https:\/\/deradiobeurs.adsplode.nl\/en\/wp-json\/wp\/v2\/media?parent=4297"}],"wp:term":[{"taxonomy":"product_brand","embeddable":true,"href":"https:\/\/deradiobeurs.adsplode.nl\/en\/wp-json\/wp\/v2\/product_brand?post=4297"},{"taxonomy":"product_cat","embeddable":true,"href":"https:\/\/deradiobeurs.adsplode.nl\/en\/wp-json\/wp\/v2\/product_cat?post=4297"},{"taxonomy":"product_tag","embeddable":true,"href":"https:\/\/deradiobeurs.adsplode.nl\/en\/wp-json\/wp\/v2\/product_tag?post=4297"}],"curies":[{"name":"wp","href":"https:\/\/api.w.org\/{rel}","templated":true}]}}