{"id":1981,"date":"2025-10-11T01:12:40","date_gmt":"2025-10-11T01:12:40","guid":{"rendered":"https:\/\/deradiobeurs.kawsar.pro\/?post_type=product&#038;p=1981"},"modified":"2025-10-26T03:54:35","modified_gmt":"2025-10-26T03:54:35","slug":"mcintosh-c12000","status":"publish","type":"product","link":"https:\/\/deradiobeurs.adsplode.nl\/en\/product\/mcintosh-c12000\/","title":{"rendered":"McIntosh C12000"},"content":{"rendered":"<h4>Maximale controle en configureerbaarheid<\/h4>\n<p>De McIntosh C12000 dual chassis voorversterker is de volgende generatie van\u00a0het veelgeprezen voorversterkerontwerp met\u00a0dubbel chassis. Door dit ontwerp kan het audiogedeelte volledig worden gescheiden van het besturings- en vermogensgedeelte. De absolute isolatie van deze twee hoofdfuncties van een voorversterker \u2013 controle en geluid \u2013 wordt bereikt door dit ongebruikelijke maar effectieve ontwerp. Door deze primaire doelen van een voorversterker op te splitsen in een afzonderlijk chassis, wordt de zuiverste geluidsweergave mogelijk.<\/p>\n<p>De C12000 bestaat uit de C12000 Controller-module en de C12000 Preamplifier-module. Alle stroomregeling, datapoorten en externe besturingsaansluitingen bevinden zich in de C12000-controller. Dubbel ge\u00efsoleerde voedingen sturen de linker- en rechterkanalen aan, terwijl een dubbele microprocessor robuustheid geeft aan het besturingssysteem. De C12000-voorversterker bevat de audio-aansluitingen en circuits. Binnen elk zijn de linker- en rechterkanalen elektrisch en mechanisch van elkaar ge\u00efsoleerd om echte dual mono-werking mogelijk te maken \u2013 wat resulteert in de ultieme stereoscheiding en sonische zuiverheid. De twee units zijn met elkaar verbonden via een paar speciaal ontworpen, hoogwaardige voedingskabels die zijn afgeschermd om te voorkomen dat ruis van buitenaf in het audiosignaal lekt. Hoewel het twee afzonderlijke units zijn, fungeren ze als ze zijn aangesloten als \u00e9\u00e9n en zijn ze eenvoudig te bedienen vanaf de meegeleverde afstandsbediening of het voorpaneel van de C12000-controller.<\/p>\n<p>In de C12000 Preamplifier-module bevinden zich in totaal 12 analoge ingangen: zes gebalanceerde, vier ongebalanceerde en twee ongebalanceerde phono-ingangen. De phono-ingangen zijn niet langer ingesteld als bedoeld voor Moving Coil- of Moving Magnet-cartridges; in plaats daarvan zijn beide configureerbaar als bewegende spoel of bewegende magneet met instelbare capaciteit en weerstandsbelasting, samen met instelbare versterking in stappen van 6dB van 40dB tot 64dB. Dit biedt u maximale flexibiliteit om de C12000 zo te configureren dat deze het beste past bij jouw platenspeler(s), cartridge(s) en vinylplatencollectie.<\/p>\n<p>De C12000 bevat onze Hybrid Drive\u2122 technologie die gebruik maakt van het beste van vacu\u00fcmbuizen en solid state om de beste geluidsprestaties te produceren. De C12000 voorversterkermodule biedt zowel vacu\u00fcmbuis- als solid-state-uitgangen, zodat je kunt beslissen welke je wilt gebruiken op basis van de muziek die wordt afgespeeld, de audiocomponenten in de rest van je audiosysteem en je geluidsvoorkeuren. Alle uitgangen worden aangestuurd door discrete versterkers. Voor de vacu\u00fcmbuizenuitgang voeden zes buizen of transistoren het voorversterkergedeelte op hoog niveau, met twee 12AT7-buizen en \u00e9\u00e9n 12AX7A-buis voor het linker- en rechterkanaal. De solid-state uitgang gebeurt via een discrete gebalanceerde op-amp.<\/p>\n<p>Ongeacht of u de vacu\u00fcmbuis of solid-state uitgang kiest, de phonotrap maakt gebruik van vier 12AX7A vacu\u00fcmbuizen, met twee buizen per kanaal in een volledig gebalanceerde configuratie met RIAA-egalisatie.<\/p>\n<p>Om de C12000 op uw versterker(s) en de rest van uw thuismuzieksysteem aan te sluiten, zijn er in totaal vier uitgangen: \u00e9\u00e9n gebalanceerde vacu\u00fcmbuis; \u00e9\u00e9n gebalanceerde vaste stof; een vaste ongebalanceerde; en \u00e9\u00e9n programmeerbare ongebalanceerde (kan vacu\u00fcmbuis of vaste toestand zijn). De hoeveelheid gebruikersaanpassingen die beschikbaar zijn op de twee phono-ingangen en alle uitgangen vertegenwoordigen een nieuw niveau van maatwerk in het McIntosh-voorversterkerontwerp, waardoor u maximale flexibiliteit hebt bij het configureren van uw audiosysteem.<\/p>\n<p>Het versterkercircuit heeft een hoge common-mode-onderdrukking, dus eventuele ruis die wordt ge\u00efntroduceerd door verbindingskabels wordt aanzienlijk verminderd. Voor persoonlijk luisteren is onze high-output High Drive hoofdtelefoonaansluiting inbegrepen, terwijl de door de gebruiker selecteerbare Headphone Crossfeed Director (HXD\u00ae) een extra diepte en ruimtelijkheid aan uw muziek geeft. De C12000 kan naadloos worden ge\u00efntegreerd in uw bestaande meerkanaals thuisbioscoopsysteem via de Home Theater Pass Through-functie.<\/p>\n<p>De C12000-voorversterker maakt gebruik van volledig gebalanceerde circuits om het prestatieniveau te evenaren dat wordt bereikt in een van onze Quad Balanced-versterkers. Zowel de C12000-controller als de C12000-voorversterkerchassis zijn gemaakt van roestvrij staal, gepolijst tot een spiegelende afwerking, plus haarlijn geborsteld zwart titanium roestvrij staal, wat een verhoogde mate van rijkdom en verfijning biedt.<\/p>\n<p>Met klassieke McIntosh-frontpanelen van zwart glas, blauwe meters, knoppen, roestvrijstalen chassis, verlichte logo\u2019s en op maat bewerkte handgrepen van geborsteld aluminium, maakt de C12000 een visueel statement naast zijn audiovermogen. Het kan worden gecombineerd met een verscheidenheid aan McIntosh-versterkers, luidsprekers, kamercorrectie-apparaten, cd-spelers, draaitafels, tuners, mediastreamers en andere broncomponenten om een \u200b\u200bcompleet audiosysteem voor thuis te maken.<\/p>","protected":false},"excerpt":{"rendered":"<ul>\n<li>Bevat onze Hybrid Drive\u2122-technologie die het beste van vacu\u00fcmbuizen en solid state gebruikt om de beste geluidsprestaties te produceren<\/li>\n<li>Gescheiden audio- en bedieningssecties<\/li>\n<li>12 analoge ingangen, waaronder 2 configureerbare phono-ingangen<\/li>\n<li>Biedt zowel solid state als vacu\u00fcmbuis uitgang<\/li>\n<li>Volledig gebalanceerd circuit<\/li>\n<\/ul>","protected":false},"featured_media":1982,"comment_status":"open","ping_status":"closed","template":"","meta":{"_acf_changed":false,"_kad_blocks_custom_css":"","_kad_blocks_head_custom_js":"","_kad_blocks_body_custom_js":"","_kad_blocks_footer_custom_js":"","_kad_post_transparent":"default","_kad_post_title":"","_kad_post_layout":"default","_kad_post_sidebar_id":"","_kad_post_content_style":"default","_kad_post_vertical_padding":"default","_kad_post_feature":"","_kad_post_feature_position":"","_kad_post_header":false,"_kad_post_footer":false,"_kad_post_classname":""},"product_brand":[116],"product_cat":[19,24,28],"product_tag":[],"class_list":{"0":"post-1981","1":"product","2":"type-product","3":"status-publish","4":"has-post-thumbnail","6":"product_brand-mcintosh","7":"product_cat-hifi","8":"product_cat-versterkers","9":"product_cat-voorversterkers","11":"first","12":"instock","13":"taxable","14":"shipping-taxable","15":"purchasable","16":"product-type-simple","17":"entry","18":"content-bg","19":"loop-entry"},"acf":[],"taxonomy_info":{"product_brand":[{"value":116,"label":"McIntosh"}],"product_cat":[{"value":19,"label":"HiFi"},{"value":24,"label":"Versterkers"},{"value":28,"label":"Voorversterkers"}]},"featured_image_src_large":["https:\/\/deradiobeurs.adsplode.nl\/wp-content\/uploads\/2025\/10\/c12000c_and_st_front_balanced-1024x683.jpg",1024,683,true],"author_info":[],"comment_info":0,"_links":{"self":[{"href":"https:\/\/deradiobeurs.adsplode.nl\/en\/wp-json\/wp\/v2\/product\/1981","targetHints":{"allow":["GET"]}}],"collection":[{"href":"https:\/\/deradiobeurs.adsplode.nl\/en\/wp-json\/wp\/v2\/product"}],"about":[{"href":"https:\/\/deradiobeurs.adsplode.nl\/en\/wp-json\/wp\/v2\/types\/product"}],"replies":[{"embeddable":true,"href":"https:\/\/deradiobeurs.adsplode.nl\/en\/wp-json\/wp\/v2\/comments?post=1981"}],"wp:featuredmedia":[{"embeddable":true,"href":"https:\/\/deradiobeurs.adsplode.nl\/en\/wp-json\/wp\/v2\/media\/1982"}],"wp:attachment":[{"href":"https:\/\/deradiobeurs.adsplode.nl\/en\/wp-json\/wp\/v2\/media?parent=1981"}],"wp:term":[{"taxonomy":"product_brand","embeddable":true,"href":"https:\/\/deradiobeurs.adsplode.nl\/en\/wp-json\/wp\/v2\/product_brand?post=1981"},{"taxonomy":"product_cat","embeddable":true,"href":"https:\/\/deradiobeurs.adsplode.nl\/en\/wp-json\/wp\/v2\/product_cat?post=1981"},{"taxonomy":"product_tag","embeddable":true,"href":"https:\/\/deradiobeurs.adsplode.nl\/en\/wp-json\/wp\/v2\/product_tag?post=1981"}],"curies":[{"name":"wp","href":"https:\/\/api.w.org\/{rel}","templated":true}]}}