{"id":1187,"date":"2025-10-05T01:58:59","date_gmt":"2025-10-05T01:58:59","guid":{"rendered":"https:\/\/deradiobeurs.kawsar.pro\/?post_type=product&#038;p=1187"},"modified":"2025-10-25T15:35:26","modified_gmt":"2025-10-25T15:35:26","slug":"cambridge-cxa81-grijs","status":"publish","type":"product","link":"https:\/\/deradiobeurs.adsplode.nl\/en\/product\/cambridge-cxa81-grijs\/","title":{"rendered":"Cambridge CXA81 grijs"},"content":{"rendered":"<p>De Cambridge Audio CXA81 versterker is compromisloos en verfijnd. Zijn 80 watt per kanaal geeft het volledige gezag over muziek en het wringt elke emotionele en muzikale nuance uit je hele collectie.<\/p>\n<p>Het beste verbeteren. Hoe neem je een bewonderde en succesvolle ge\u00efntegreerde versterker, die wereldwijd respect en waardering verdient en maak je deze nog beter? Nou, als je een Cambridge Audio-ingenieur bent, onderzoek je elk aspect van de uitvoering \u2013 en dan doe je er alles aan om het \u2018meer\u2019 te maken. Verfijnder, preciezer, boeiender \u2026 muzikaler. De CXA81 is nu alles wat je leuk vond aan de CXA80, maar dan nog meer.<\/p>\n<p>Compromisloos en compromisloos. Al het onderzoek, alle ontwikkeling, alle tijd en moeite die aan de CXA81 is besteed, is slechts om \u00e9\u00e9n reden: om dit de meest complete en absorberende ge\u00efntegreerde versterker te maken die ooit voor deze prijs is aangeboden. Elk geselecteerd onderdeel en elke genomen technische beslissing is volledig gebaseerd op de wens om vooruitgang te boeken. De CXA81 is zonder compromissen ontworpen en gespecificeerd om het volledige muzikale beeld te leveren.<\/p>","protected":false},"excerpt":{"rendered":"<ul>\n<li>Bekroond geluid &#8211; 4x winnaar van What Hi-Fi? Product van het Jaar<\/li>\n<li>80 watt per kanaal &#8211; vermogen om de meest veeleisende luidsprekers aan te sturen<\/li>\n<li>Klasse AB-versterking &#8211; voor evenwichtige en effici\u00ebnte prestaties<\/li>\n<li>Toro\u00efdale transformator &#8211; voor een ongelooflijke sound-staging<\/li>\n<li>Hoogwaardige ESS Sabre ES9016 DAC &#8211; om digitale muziek op zijn best te realiseren<\/li>\n<li>Digitale ingangen &#8211; TOSLINK, coaxiale &amp; USB audio-ingang (tot 24-bit\/384kHz &amp; DSD256 digitale bestanden van Mac\/PC)<\/li>\n<li>Gebalanceerde XLR-ingangen &#8211; voor hoogwaardige verbindingen<\/li>\n<li>Bluetooth aptX HD-ingang &#8211; draadloze verbinding met apparaten, inclusief Alva TT V2<\/li>\n<\/ul>\n<p><strong>*Voor een demo afspraak of leveringsinformatie neemt u gerust contact met ons op*<\/strong><\/p>","protected":false},"featured_media":1188,"comment_status":"open","ping_status":"closed","template":"","meta":{"_acf_changed":false,"_kad_blocks_custom_css":"","_kad_blocks_head_custom_js":"","_kad_blocks_body_custom_js":"","_kad_blocks_footer_custom_js":"","_kad_post_transparent":"default","_kad_post_title":"","_kad_post_layout":"default","_kad_post_sidebar_id":"","_kad_post_content_style":"default","_kad_post_vertical_padding":"default","_kad_post_feature":"","_kad_post_feature_position":"","_kad_post_header":false,"_kad_post_footer":false,"_kad_post_classname":""},"product_brand":[117],"product_cat":[29,19,24],"product_tag":[],"class_list":{"0":"post-1187","1":"product","2":"type-product","3":"status-publish","4":"has-post-thumbnail","6":"product_brand-cambridge-audio","7":"product_cat-geintegreerde-versterkers","8":"product_cat-hifi","9":"product_cat-versterkers","11":"first","12":"instock","13":"taxable","14":"shipping-taxable","15":"purchasable","16":"product-type-simple","17":"entry","18":"content-bg","19":"loop-entry"},"acf":[],"taxonomy_info":{"product_brand":[{"value":117,"label":"Cambridge Audio"}],"product_cat":[{"value":29,"label":"Ge\u00efntegreerde versterkers"},{"value":19,"label":"HiFi"},{"value":24,"label":"Versterkers"}]},"featured_image_src_large":["https:\/\/deradiobeurs.adsplode.nl\/wp-content\/uploads\/2025\/10\/cambridge_audio_cxa81_3-4_0-1024x683.jpg",1024,683,true],"author_info":[],"comment_info":0,"_links":{"self":[{"href":"https:\/\/deradiobeurs.adsplode.nl\/en\/wp-json\/wp\/v2\/product\/1187","targetHints":{"allow":["GET"]}}],"collection":[{"href":"https:\/\/deradiobeurs.adsplode.nl\/en\/wp-json\/wp\/v2\/product"}],"about":[{"href":"https:\/\/deradiobeurs.adsplode.nl\/en\/wp-json\/wp\/v2\/types\/product"}],"replies":[{"embeddable":true,"href":"https:\/\/deradiobeurs.adsplode.nl\/en\/wp-json\/wp\/v2\/comments?post=1187"}],"wp:featuredmedia":[{"embeddable":true,"href":"https:\/\/deradiobeurs.adsplode.nl\/en\/wp-json\/wp\/v2\/media\/1188"}],"wp:attachment":[{"href":"https:\/\/deradiobeurs.adsplode.nl\/en\/wp-json\/wp\/v2\/media?parent=1187"}],"wp:term":[{"taxonomy":"product_brand","embeddable":true,"href":"https:\/\/deradiobeurs.adsplode.nl\/en\/wp-json\/wp\/v2\/product_brand?post=1187"},{"taxonomy":"product_cat","embeddable":true,"href":"https:\/\/deradiobeurs.adsplode.nl\/en\/wp-json\/wp\/v2\/product_cat?post=1187"},{"taxonomy":"product_tag","embeddable":true,"href":"https:\/\/deradiobeurs.adsplode.nl\/en\/wp-json\/wp\/v2\/product_tag?post=1187"}],"curies":[{"name":"wp","href":"https:\/\/api.w.org\/{rel}","templated":true}]}}