{"id":1183,"date":"2025-10-05T01:49:57","date_gmt":"2025-10-05T01:49:57","guid":{"rendered":"https:\/\/deradiobeurs.kawsar.pro\/?post_type=product&#038;p=1183"},"modified":"2025-10-26T05:40:57","modified_gmt":"2025-10-26T05:40:57","slug":"moon-north-641-two-tone","status":"publish","type":"product","link":"https:\/\/deradiobeurs.adsplode.nl\/en\/product\/moon-north-641-two-tone\/","title":{"rendered":"MOON North 641 two tone"},"content":{"rendered":"<p>De MOON 641 is het middelpunt van elk audiosysteem, met een voorversterker en een eindversterker in \u00e9\u00e9n enkele eenheid. Deze opwindende instap in de North Collection is een werkelijk verbluffende ge\u00efntegreerde versterker die het premium MOON ontwerp en de nieuwste audiotechnologie\u00ebn laat zien. De 641 stuurt zelfs de meest veeleisende luidsprekers aan en levert met zijn verfijnd vermogen prestaties die zelfs de meest veeleisende luisteraars tevreden zullen stellen.<\/p>\n<p>De 641 is een genot om te gebruiken met de revolutionaire BRM-1 intelligente afstandsbediening. Terwijl de premium M-VOL3 de precisie van de befaamde MOON volumeregeling verbetert, brengt de BRM-1 de ervaring van de luxueuze MOON volumeknop overal in huis met zijn baanbrekende aanraakbediening, visuele feedback en overdadige verfijning. Bovendien beschikt het nieuwe MDCA-ontwerp (MOON Distortion-Cancelling Amplifier) over een onafhankelijk circuit met nauwkeurige signaalcorrectie om ruis en vervorming aanzienlijk te verminderen, terwijl de dual-mono configuratie de kamer vult met 125 watt in twee 8-ohmige belastingen en 250 watt in twee 4-ohmige belastingen.<\/p>\n<p>Elk model in de North Collection heeft tijdloze MOON stijlkenmerken met verbeterde prestaties. De 641 is daarop geen uitzondering, met zijn slanke vorm past hij naadloos in elke omgeving.<br \/>\nhij past naadloos in elke omgeving.<\/p>","protected":false},"excerpt":{"rendered":"<p>&#8211; MDCA &#8211; MOON Vervorming onderdrukkende Versterker<br \/>\n&#8211; MOON Transistors<br \/>\n&#8211; Dubbele mono configuratie<br \/>\n&#8211; M-VOL3 &#8211; 3e generatie verbeterde elektronische versterkingsregeling<br \/>\n&#8211; MOONLink<br \/>\n&#8211; 4,3&#8221; LCD-kleurenscherm<\/p>","protected":false},"featured_media":1184,"comment_status":"open","ping_status":"closed","template":"","meta":{"_acf_changed":false,"_kad_blocks_custom_css":"","_kad_blocks_head_custom_js":"","_kad_blocks_body_custom_js":"","_kad_blocks_footer_custom_js":"","_kad_post_transparent":"default","_kad_post_title":"","_kad_post_layout":"default","_kad_post_sidebar_id":"","_kad_post_content_style":"default","_kad_post_vertical_padding":"default","_kad_post_feature":"","_kad_post_feature_position":"","_kad_post_header":false,"_kad_post_footer":false,"_kad_post_classname":""},"product_brand":[111],"product_cat":[29,19,24],"product_tag":[],"class_list":{"0":"post-1183","1":"product","2":"type-product","3":"status-publish","4":"has-post-thumbnail","6":"product_brand-moon","7":"product_cat-geintegreerde-versterkers","8":"product_cat-hifi","9":"product_cat-versterkers","11":"first","12":"instock","13":"taxable","14":"shipping-taxable","15":"purchasable","16":"product-type-simple","17":"entry","18":"content-bg","19":"loop-entry"},"acf":[],"taxonomy_info":{"product_brand":[{"value":111,"label":"MOON"}],"product_cat":[{"value":29,"label":"Ge\u00efntegreerde versterkers"},{"value":19,"label":"HiFi"},{"value":24,"label":"Versterkers"}]},"featured_image_src_large":["https:\/\/deradiobeurs.adsplode.nl\/wp-content\/uploads\/2025\/10\/641-front_1370x590px_ok-1024x441.png",1024,441,true],"author_info":[],"comment_info":0,"_links":{"self":[{"href":"https:\/\/deradiobeurs.adsplode.nl\/en\/wp-json\/wp\/v2\/product\/1183","targetHints":{"allow":["GET"]}}],"collection":[{"href":"https:\/\/deradiobeurs.adsplode.nl\/en\/wp-json\/wp\/v2\/product"}],"about":[{"href":"https:\/\/deradiobeurs.adsplode.nl\/en\/wp-json\/wp\/v2\/types\/product"}],"replies":[{"embeddable":true,"href":"https:\/\/deradiobeurs.adsplode.nl\/en\/wp-json\/wp\/v2\/comments?post=1183"}],"wp:featuredmedia":[{"embeddable":true,"href":"https:\/\/deradiobeurs.adsplode.nl\/en\/wp-json\/wp\/v2\/media\/1184"}],"wp:attachment":[{"href":"https:\/\/deradiobeurs.adsplode.nl\/en\/wp-json\/wp\/v2\/media?parent=1183"}],"wp:term":[{"taxonomy":"product_brand","embeddable":true,"href":"https:\/\/deradiobeurs.adsplode.nl\/en\/wp-json\/wp\/v2\/product_brand?post=1183"},{"taxonomy":"product_cat","embeddable":true,"href":"https:\/\/deradiobeurs.adsplode.nl\/en\/wp-json\/wp\/v2\/product_cat?post=1183"},{"taxonomy":"product_tag","embeddable":true,"href":"https:\/\/deradiobeurs.adsplode.nl\/en\/wp-json\/wp\/v2\/product_tag?post=1183"}],"curies":[{"name":"wp","href":"https:\/\/api.w.org\/{rel}","templated":true}]}}